{"id":3144,"date":"2024-03-20T15:44:27","date_gmt":"2024-03-20T13:44:27","guid":{"rendered":"https:\/\/hotel.buildingstefan.ro\/building-stefan-hotels\/building-stefan-resort-north\/azimuth-beachlounge"},"modified":"2024-04-23T15:14:48","modified_gmt":"2024-04-23T12:14:48","slug":"azimuth-beachlounge","status":"publish","type":"page","link":"https:\/\/hotel.buildingstefan.ro\/en\/building-stefan-hotels\/building-stefan-resort-north\/azimuth-beachlounge","title":{"rendered":"Azimuth Beach&amp;Lounge"},"content":{"rendered":"\t\t<div data-elementor-type=\"wp-page\" data-elementor-id=\"3144\" class=\"elementor elementor-3144 elementor-365\" data-elementor-post-type=\"page\">\n\t\t\t\t<div data-dce-background-image-url=\"https:\/\/hotel.buildingstefan.ro\/wp-content\/uploads\/azimuth-768x497-2.jpg\" class=\"elementor-element elementor-element-e80f378 e-flex e-con-boxed e-con e-parent\" data-id=\"e80f378\" data-element_type=\"container\" data-e-type=\"container\" data-settings=\"{&quot;background_background&quot;:&quot;classic&quot;}\">\n\t\t\t\t\t<div class=\"e-con-inner\">\n\t\t\t\t<div class=\"elementor-element elementor-element-dd507c1 elementor-widget elementor-widget-heading\" data-id=\"dd507c1\" data-element_type=\"widget\" data-e-type=\"widget\" data-widget_type=\"heading.default\">\n\t\t\t\t\t<h6 class=\"elementor-heading-title elementor-size-default\">Building Stefan <\/h6>\t\t\t\t<\/div>\n\t\t\t\t<div class=\"elementor-element elementor-element-724665d elementor-widget elementor-widget-heading\" data-id=\"724665d\" data-element_type=\"widget\" data-e-type=\"widget\" data-widget_type=\"heading.default\">\n\t\t\t\t\t<h1 class=\"elementor-heading-title elementor-size-default\">Azimuth Beach And Lounge<\/h1>\t\t\t\t<\/div>\n\t\t\t\t\t<\/div>\n\t\t\t\t<\/div>\n\t\t<div class=\"elementor-element elementor-element-38c212f e-flex e-con-boxed e-con e-parent\" data-id=\"38c212f\" data-element_type=\"container\" data-e-type=\"container\">\n\t\t\t\t\t<div class=\"e-con-inner\">\n\t\t<div class=\"elementor-element elementor-element-85280e0 e-con-full e-flex e-con e-child\" data-id=\"85280e0\" data-element_type=\"container\" data-e-type=\"container\">\n\t\t\t\t<div class=\"elementor-element elementor-element-17a2ef9 elementor-widget elementor-widget-heading\" data-id=\"17a2ef9\" data-element_type=\"widget\" data-e-type=\"widget\" data-widget_type=\"heading.default\">\n\t\t\t\t\t<h6 class=\"elementor-heading-title elementor-size-default\">Azimuth Beach: an Oasis of Luxury on the Shores of the Black Sea<\/h6>\t\t\t\t<\/div>\n\t\t\t\t<div class=\"elementor-element elementor-element-3e90641 elementor-widget elementor-widget-heading\" data-id=\"3e90641\" data-element_type=\"widget\" data-e-type=\"widget\" data-widget_type=\"heading.default\">\n\t\t\t\t\t<h2 class=\"elementor-heading-title elementor-size-default\"> Pamper and Elegance <\/h2>\t\t\t\t<\/div>\n\t\t\t\t<div class=\"elementor-element elementor-element-ec1e336 elementor-widget elementor-widget-text-editor\" data-id=\"ec1e336\" data-element_type=\"widget\" data-e-type=\"widget\" data-widget_type=\"text-editor.default\">\n\t\t\t\t\t\t\t\t\t<p>Looking for a luxury beach experience in Mamaia North? Azimuth Beach is the perfect destination for those who want to enjoy the sunshine and crystal clear waters of the Black Sea in a special setting. Here, top-notch service and premium facilities guarantee you a perfect day on fine sand and clear water.<\/p>\n<p>The beach is equipped with premium sun loungers, giving you absolute comfort as you relax under the bright sun. Whether you prefer to lie back and enjoy the warm rays of the sun or relax in a luxurious environment, Azimuth Beach ensures a pleasant and relaxing experience.<\/p>\n\t\t\t\t\t\t\t\t<\/div>\n\t\t\t\t<\/div>\n\t\t\t\t<div class=\"elementor-element elementor-element-b825bec elementor-widget-tablet__width-inherit elementor-widget elementor-widget-image\" data-id=\"b825bec\" data-element_type=\"widget\" data-e-type=\"widget\" data-widget_type=\"image.default\">\n\t\t\t\t\t\t\t\t\t\t\t\t\t\t\t<img fetchpriority=\"high\" decoding=\"async\" width=\"800\" height=\"533\" src=\"https:\/\/hotel.buildingstefan.ro\/wp-content\/uploads\/45-1024x682.jpg\" class=\"attachment-large size-large wp-image-3089\" alt=\"\" srcset=\"https:\/\/hotel.buildingstefan.ro\/wp-content\/uploads\/45-1024x682.jpg 1024w, https:\/\/hotel.buildingstefan.ro\/wp-content\/uploads\/45-300x200.jpg 300w, https:\/\/hotel.buildingstefan.ro\/wp-content\/uploads\/45-768x512.jpg 768w, https:\/\/hotel.buildingstefan.ro\/wp-content\/uploads\/45.jpg 1078w\" sizes=\"(max-width: 800px) 100vw, 800px\" title=\"\">\t\t\t\t\t\t\t\t\t\t\t\t\t\t\t<\/div>\n\t\t\t\t\t<\/div>\n\t\t\t\t<\/div>\n\t\t<div class=\"elementor-element elementor-element-cee2105 e-flex e-con-boxed e-con e-parent\" data-id=\"cee2105\" data-element_type=\"container\" data-e-type=\"container\">\n\t\t\t\t\t<div class=\"e-con-inner\">\n\t\t<div class=\"elementor-element elementor-element-5043f16 e-con-full e-flex e-con e-child\" data-id=\"5043f16\" data-element_type=\"container\" data-e-type=\"container\">\n\t\t<div class=\"elementor-element elementor-element-8955cd1 e-con-full e-flex e-con e-child\" data-id=\"8955cd1\" data-element_type=\"container\" data-e-type=\"container\">\n\t\t\t\t<div class=\"elementor-element elementor-element-add5e58 elementor-widget elementor-widget-heading\" data-id=\"add5e58\" data-element_type=\"widget\" data-e-type=\"widget\" data-widget_type=\"heading.default\">\n\t\t\t\t\t<h6 class=\"elementor-heading-title elementor-size-default\">Shisha, Cocktails and Culinary Delights in an Exotica Atmosphere<\/h6>\t\t\t\t<\/div>\n\t\t\t\t<div class=\"elementor-element elementor-element-b468474 elementor-widget elementor-widget-heading\" data-id=\"b468474\" data-element_type=\"widget\" data-e-type=\"widget\" data-widget_type=\"heading.default\">\n\t\t\t\t\t<h2 class=\"elementor-heading-title elementor-size-default\"> Luxury and Refinement<\/h2>\t\t\t\t<\/div>\n\t\t\t\t<div class=\"elementor-element elementor-element-47894cc elementor-widget elementor-widget-text-editor\" data-id=\"47894cc\" data-element_type=\"widget\" data-e-type=\"widget\" data-widget_type=\"text-editor.default\">\n\t\t\t\t\t\t\t\t\t<p>To add a touch of sophistication and exoticism, Azimuth Beach offers shisha service, where you can relax and enjoy the exotic aromas of tobacco. De asemenea, pute\u021bi savura b\u0103uturi exotice \u0219i r\u0103coritoare,si fructe proaspete de la bar, unde ve\u021bi g\u0103si o gam\u0103 variat\u0103 de cocktail-uri \u0219i b\u0103uturi fresh, perfecte pentru a v\u0103 r\u0103cori \u00een zilele c\u0103lduroase de var\u0103.<\/p>\n<p>You can also enjoy exotic and refreshing drinks and fresh fruit from the bar, where you&#8217;ll find a range of cocktails and fresh drinks, perfect for cooling off on hot summer days. The extensive menu includes options for all preferences, from fresh seafood dishes to vegetarian dishes and decadent desserts. In addition, you can also enjoy exotic drinks to complete your experience of relaxation and pampering on the beach. Azimuth Beach invites you to enjoy all these facilities and indulge yourself in an exclusive and relaxing atmosphere on the shores of the Black Sea.<\/p>\n\t\t\t\t\t\t\t\t<\/div>\n\t\t\t\t<\/div>\n\t\t\t\t<div class=\"elementor-element elementor-element-722f672 elementor-widget elementor-widget-image\" data-id=\"722f672\" data-element_type=\"widget\" data-e-type=\"widget\" data-widget_type=\"image.default\">\n\t\t\t\t\t\t\t\t\t\t\t\t\t\t\t<img decoding=\"async\" width=\"800\" height=\"533\" src=\"https:\/\/hotel.buildingstefan.ro\/wp-content\/uploads\/48-1024x682.jpg\" class=\"attachment-large size-large wp-image-3091\" alt=\"\" srcset=\"https:\/\/hotel.buildingstefan.ro\/wp-content\/uploads\/48-1024x682.jpg 1024w, https:\/\/hotel.buildingstefan.ro\/wp-content\/uploads\/48-300x200.jpg 300w, https:\/\/hotel.buildingstefan.ro\/wp-content\/uploads\/48-768x512.jpg 768w, https:\/\/hotel.buildingstefan.ro\/wp-content\/uploads\/48.jpg 1078w\" sizes=\"(max-width: 800px) 100vw, 800px\" title=\"\">\t\t\t\t\t\t\t\t\t\t\t\t\t\t\t<\/div>\n\t\t\t\t<\/div>\n\t\t\t\t\t<\/div>\n\t\t\t\t<\/div>\n\t\t<div data-dce-background-image-url=\"https:\/\/hotel.buildingstefan.ro\/wp-content\/uploads\/azimuth-1.jpg\" class=\"elementor-element elementor-element-93ac5e5 e-flex e-con-boxed e-con e-parent\" data-id=\"93ac5e5\" data-element_type=\"container\" data-e-type=\"container\" data-settings=\"{&quot;background_background&quot;:&quot;classic&quot;}\">\n\t\t\t\t\t<div class=\"e-con-inner\">\n\t\t<div class=\"elementor-element elementor-element-3573871 e-con-full e-flex e-con e-child\" data-id=\"3573871\" data-element_type=\"container\" data-e-type=\"container\">\n\t\t\t\t<div class=\"elementor-element elementor-element-b0b9e77 elementor-widget__width-inherit elementor-widget-mobile__width-inherit elementor-widget elementor-widget-heading\" data-id=\"b0b9e77\" data-element_type=\"widget\" data-e-type=\"widget\" data-widget_type=\"heading.default\">\n\t\t\t\t\t<h5 class=\"elementor-heading-title elementor-size-default\">Contact:<\/h5>\t\t\t\t<\/div>\n\t\t\t\t<div class=\"elementor-element elementor-element-27bff43 elementor-mobile-align-center elementor-widget__width-inherit elementor-widget elementor-widget-button\" data-id=\"27bff43\" data-element_type=\"widget\" data-e-type=\"widget\" data-widget_type=\"button.default\">\n\t\t\t\t\t\t\t\t\t\t<a class=\"elementor-button elementor-button-link elementor-size-sm\" href=\"#\">\n\t\t\t\t\t\t<span class=\"elementor-button-content-wrapper\">\n\t\t\t\t\t\t\t\t\t<span class=\"elementor-button-text\">07255888566<\/span>\n\t\t\t\t\t<\/span>\n\t\t\t\t\t<\/a>\n\t\t\t\t\t\t\t\t<\/div>\n\t\t\t\t<\/div>\n\t\t<div class=\"elementor-element elementor-element-4ff4ab2 e-con-full e-flex e-con e-child\" data-id=\"4ff4ab2\" data-element_type=\"container\" data-e-type=\"container\">\n\t\t\t\t<div class=\"elementor-element elementor-element-51492f2 elementor-widget__width-inherit elementor-widget elementor-widget-heading\" data-id=\"51492f2\" data-element_type=\"widget\" data-e-type=\"widget\" data-widget_type=\"heading.default\">\n\t\t\t\t\t<h5 class=\"elementor-heading-title elementor-size-default\">Program:<\/h5>\t\t\t\t<\/div>\n\t\t<div class=\"elementor-element elementor-element-573c7de e-con-full e-flex e-con e-child\" data-id=\"573c7de\" data-element_type=\"container\" data-e-type=\"container\">\n\t\t\t\t<div class=\"elementor-element elementor-element-592fc38 elementor-view-default elementor-widget elementor-widget-icon\" data-id=\"592fc38\" data-element_type=\"widget\" data-e-type=\"widget\" data-widget_type=\"icon.default\">\n\t\t\t\t\t\t\t<div class=\"elementor-icon-wrapper\">\n\t\t\t<div class=\"elementor-icon\">\n\t\t\t<svg aria-hidden=\"true\" class=\"e-font-icon-svg e-far-clock\" viewBox=\"0 0 512 512\" xmlns=\"http:\/\/www.w3.org\/2000\/svg\"><path d=\"M256 8C119 8 8 119 8 256s111 248 248 248 248-111 248-248S393 8 256 8zm0 448c-110.5 0-200-89.5-200-200S145.5 56 256 56s200 89.5 200 200-89.5 200-200 200zm61.8-104.4l-84.9-61.7c-3.1-2.3-4.9-5.9-4.9-9.7V116c0-6.6 5.4-12 12-12h32c6.6 0 12 5.4 12 12v141.7l66.8 48.6c5.4 3.9 6.5 11.4 2.6 16.8L334.6 349c-3.9 5.3-11.4 6.5-16.8 2.6z\"><\/path><\/svg>\t\t\t<\/div>\n\t\t<\/div>\n\t\t\t\t\t\t<\/div>\n\t\t\t\t<div class=\"elementor-element elementor-element-addc31b elementor-widget elementor-widget-heading\" data-id=\"addc31b\" data-element_type=\"widget\" data-e-type=\"widget\" data-widget_type=\"heading.default\">\n\t\t\t\t\t<h6 class=\"elementor-heading-title elementor-size-default\">08:00-24:00<\/h6>\t\t\t\t<\/div>\n\t\t\t\t<\/div>\n\t\t\t\t<\/div>\n\t\t\t\t\t<\/div>\n\t\t\t\t<\/div>\n\t\t\t\t<\/div>\n\t\t","protected":false},"excerpt":{"rendered":"<p>Building Stefan Azimuth Beach And Lounge Azimuth Beach: an Oasis of Luxury on the Shores of the Black Sea Pamper and Elegance Looking for a luxury beach experience in Mamaia North? Azimuth Beach is the perfect destination for those who want to enjoy the sunshine and crystal clear waters of the Black Sea in a [&hellip;]<\/p>\n","protected":false},"author":1,"featured_media":0,"parent":3142,"menu_order":0,"comment_status":"closed","ping_status":"closed","template":"","meta":{"_acf_changed":false,"footnotes":""},"categories":[],"tags":[],"class_list":["post-3144","page","type-page","status-publish","hentry"],"acf":[],"_links":{"self":[{"href":"https:\/\/hotel.buildingstefan.ro\/en\/wp-json\/wp\/v2\/pages\/3144","targetHints":{"allow":["GET"]}}],"collection":[{"href":"https:\/\/hotel.buildingstefan.ro\/en\/wp-json\/wp\/v2\/pages"}],"about":[{"href":"https:\/\/hotel.buildingstefan.ro\/en\/wp-json\/wp\/v2\/types\/page"}],"author":[{"embeddable":true,"href":"https:\/\/hotel.buildingstefan.ro\/en\/wp-json\/wp\/v2\/users\/1"}],"replies":[{"embeddable":true,"href":"https:\/\/hotel.buildingstefan.ro\/en\/wp-json\/wp\/v2\/comments?post=3144"}],"version-history":[{"count":0,"href":"https:\/\/hotel.buildingstefan.ro\/en\/wp-json\/wp\/v2\/pages\/3144\/revisions"}],"up":[{"embeddable":true,"href":"https:\/\/hotel.buildingstefan.ro\/en\/wp-json\/wp\/v2\/pages\/3142"}],"wp:attachment":[{"href":"https:\/\/hotel.buildingstefan.ro\/en\/wp-json\/wp\/v2\/media?parent=3144"}],"wp:term":[{"taxonomy":"category","embeddable":true,"href":"https:\/\/hotel.buildingstefan.ro\/en\/wp-json\/wp\/v2\/categories?post=3144"},{"taxonomy":"post_tag","embeddable":true,"href":"https:\/\/hotel.buildingstefan.ro\/en\/wp-json\/wp\/v2\/tags?post=3144"}],"curies":[{"name":"wp","href":"https:\/\/api.w.org\/{rel}","templated":true}]}}